{"id":1530,"date":"2018-05-23T15:00:01","date_gmt":"2018-05-23T13:00:01","guid":{"rendered":"https:\/\/www.driczone.net\/blog\/?page_id=1530"},"modified":"2023-01-06T13:39:00","modified_gmt":"2023-01-06T12:39:00","slug":"politique-de-confidentialite","status":"publish","type":"page","link":"https:\/\/www.inoffensif.net\/blog\/politique-de-confidentialite","title":{"rendered":"Politique de confidentialit\u00e9"},"content":{"rendered":"<h2>Diantre, mais qu&rsquo;est-ce que c&rsquo;est que ce truc ?<\/h2>\n<p>Et bien figurez-vous que l&rsquo;Europe qui fait les choses de mani\u00e8re remarquablement bureaucratique a d\u00e9cid\u00e9 d\u2019\u0153uvrer un peu pour le citoyen moyen que vous \u00eates. A condition d&rsquo;habiter en Europe \u00e9videmment. Et du coup elle a pondu le <a title=\"Wikip\u00e9dia, une source pas assez europ\u00e9enne pour l'Amicale Europ\u00e9enne des Soutiens \u00e0 une r\u00e9glementation europ\u00e9enne au sein de l'Union Europ\u00e9enne\" href=\"https:\/\/fr.wikipedia.org\/wiki\/R\u00e8glement_g\u00e9n\u00e9ral_sur_la_protection_des_donn\u00e9es\">RGPD<\/a>, qui est un bordel sans nom pour toute personne qui n&rsquo;est pas un visiteur de site web.<\/p>\n<p>Voici donc un tas de rubriques d\u00e9di\u00e9 au traitement que nous faisons de vos donn\u00e9es.<\/p>\n<h2>Qui sommes-nous\u00a0?<\/h2>\n<p>L\u2019adresse de notre site Web est : https:\/\/www.inoffensif.net\/blog. Mais vous vous en doutez d\u00e9j\u00e0 parce que vous \u00eates dessus. Peut-\u00eatre m\u00eame que vous vous souvenez qu&rsquo;avant, l&rsquo;url \u00e9tait <code>driczone.net<\/code>.<\/p>\n<p>Pour le reste, voir la <a href=\"https:\/\/www.inoffensif.net\/blog\/about\" target=\"_blank\" rel=\"noopener\">page d\u00e9di\u00e9e \u00e0 moi-m\u00eame<\/a>.<\/p>\n<h2>Utilisation des donn\u00e9es personnelles collect\u00e9es<\/h2>\n<p>Suivant votre degr\u00e9 de parano, vous pourriez \u00eatre susceptibles de penser que nous revendons ces donn\u00e9es, que nous les donnons \u00e0 analyser \u00e0 des IA qui projettent de dominer le monde, et m\u00eame que nous les offrons en sacrifice \u00e0 une race alien sup\u00e9rieure que nous avons choisi de v\u00e9n\u00e9rer.<\/p>\n<p>Il n&rsquo;en est rien, bien \u00e9videmment. N\u00e9anmoins dans le doute, je vous invite \u00e0 rester soup\u00e7onneux quand \u00e0 l&rsquo;utilisation de vos donn\u00e9es sur Internet. Car s&rsquo;il y a bien un mensonge r\u00e9pandu sur bien des sites web, c&rsquo;est \u00ab\u00a0nous ne faisons rien de mal avec vos donn\u00e9es\u00a0\u00bb.<\/p>\n<p>Contrairement au reste du monde, nous ne faisons rien de mal avec vos donn\u00e9es.<\/p>\n<h3>Commentaires<\/h3>\n<p>Quand vous laissez un commentaire sur notre site web, les donn\u00e9es inscrites dans le formulaire de commentaire, mais aussi votre adresse IP et l\u2019agent utilisateur de votre navigateur sont collect\u00e9s pour nous aider \u00e0 la d\u00e9tection des commentaires ind\u00e9sirables. C&rsquo;est ensuite un singe savant ou un de mes chats qui va touiller ces donn\u00e9es pour en extraire une adresse IP, qu&rsquo;ils tenteront sans succ\u00e8s de pirater vu qu&rsquo;ils n&rsquo;entravent que dalle \u00e0 l&rsquo;informatique et encore moins \u00e0 la piraterie.<\/p>\n<p>Une cha\u00eene anonymis\u00e9e cr\u00e9\u00e9e \u00e0 partir de votre adresse de messagerie (\u00e9galement appel\u00e9e hash) peut \u00eatre envoy\u00e9e au service Gravatar pour v\u00e9rifier si vous utilisez ce dernier. Les clauses de confidentialit\u00e9 du service Gravatar sont disponibles ici\u00a0: https:\/\/automattic.com\/privacy\/. Apr\u00e8s validation de votre commentaire, votre photo de profil sera visible publiquement \u00e0 cot\u00e9 de votre commentaire.<\/p>\n<h3>M\u00e9dias<\/h3>\n<p>Note \u00e0 moi-m\u00eame : Si vous \u00eates un utilisateur superbement enregistr\u00e9 et que vous t\u00e9l\u00e9versez des images sur le site web, nous vous conseillons d\u2019\u00e9viter de t\u00e9l\u00e9verser des images contenant des donn\u00e9es EXIF de coordonn\u00e9es GPS. De vilains visiteurs de votre site web peuvent t\u00e9l\u00e9charger et extraire des donn\u00e9es de localisation depuis ces images.<\/p>\n<p>Vous ne ferez de toute fa\u00e7on pas attention \u00e0 \u00e7a, et c&rsquo;est ce qui vous perdra quand le FBI et le Mossad voudront savoir o\u00f9 habite l&rsquo;abruti qui a fait un habile montage photo pr\u00e9sentant un chat avec la coiffure de D. Trump signant un trait\u00e9 ratifi\u00e9 mondialement qui d\u00e9clare que les chats sont des dieux et que les chiens sont du caca de panda.<\/p>\n<h3>Formulaires de contact<\/h3>\n<p>Ce formulaire recueille des infos sur vous mais nous y sommes bien oblig\u00e9s, sans quoi il va \u00eatre difficile de vous r\u00e9pondre.<\/p>\n<p>Par ailleurs il y a de fortes chances que le formulaire de contact soit hors service, il nous serait donc bien difficile de collecter des infos personnelles avec un truc qui ne fonctionne pas. Du coup, nous ne faisons rien de mal avec vos donn\u00e9es.<\/p>\n<h3>Cookies<\/h3>\n<p>Si vous d\u00e9posez un commentaire sur notre site, il vous sera lourdement propos\u00e9 d\u2019enregistrer votre nom, adresse de messagerie et site web dans des cookies, qui sont des petits fichiers stock\u00e9s dans votre ordinateur. C\u2019est uniquement pour votre confort afin de ne pas avoir \u00e0 saisir ces informations si vous d\u00e9posez un autre commentaire plus tard, ce qui n&rsquo;arrivera probablement jamais. Ces cookies expirent au bout d\u2019un an.<\/p>\n<p>Si vous avez un compte et que vous vous connectez sur ce site, un cookie temporaire sera cr\u00e9\u00e9 afin de d\u00e9terminer si votre navigateur accepte les cookies. Il ne contient pas de donn\u00e9es personnelles et sera supprim\u00e9 automatiquement \u00e0 la fermeture de votre navigateur. En gros, nous vous polluons pour savoir si vous \u00eates potentiellement polluables.<\/p>\n<p>Lorsque vous vous connecterez, nous mettrons en place un certain nombre de cookies pour enregistrer vos informations de connexion et vos pr\u00e9f\u00e9rences d\u2019\u00e9cran. La dur\u00e9e de vie d\u2019un cookie de connexion est de deux jours, celle d\u2019un cookie d\u2019option d\u2019\u00e9cran est d\u2019un an. Si vous cochez \u00ab\u00a0Se souvenir de moi\u00a0\u00bb, votre cookie de connexion sera conserv\u00e9 pendant deux semaines. Si vous vous d\u00e9connectez de votre compte, le cookie de connexion sera effac\u00e9. Vous vous souviendrez de tout ? Interrogation not\u00e9e dans une heure.<\/p>\n<p>En modifiant ou en publiant un article, un cookie suppl\u00e9mentaire sera enregistr\u00e9 dans votre navigateur. Ce cookie ne comprend aucune donn\u00e9e personnelle. Il indique simplement l\u2019identifiant de l\u2019article que vous venez de modifier. Il expire au bout d\u2019un jour.<\/p>\n<p>Pour r\u00e9sumer tout \u00e7a, on utilise tout un tas de cookies, mais c&rsquo;est pour votre bien. Si vous n&rsquo;en voulez pas, soit vous savez comment les refuser et c&rsquo;est tant mieux, soit vous ne savez pas et c&rsquo;est tant pis. Z&rsquo;aviez qu&rsquo;\u00e0 pas venir ici et puis c&rsquo;est tout.<\/p>\n<h3>Contenu embarqu\u00e9 depuis d\u2019autres sites<\/h3>\n<p>Les articles de ce site peuvent inclure des contenus int\u00e9gr\u00e9s (par exemple des vid\u00e9os, images, articles\u2026). Le contenu int\u00e9gr\u00e9 depuis d\u2019autres sites se comporte de la m\u00eame mani\u00e8re que si le visiteur se rendait sur cet autre site.<\/p>\n<p>Ces sites web pourraient collecter des donn\u00e9es sur vous, utiliser des cookies, embarquer des outils de suivis tiers, suivre vos interactions avec ces contenus embarqu\u00e9s si vous disposez d\u2019un compte connect\u00e9 sur leur site web. Et ils ne se priveront pas de le faire, car tous les sites web \u00e0 l&rsquo;exception de celui-ci sont malveillants et sournois.<\/p>\n<h3>Statistiques et mesures d\u2019audience<\/h3>\n<p>Il y a bien des statistiques produites sur ce site, mais elles sont particuli\u00e8rement non-pertinentes. Du coup vous pouvez ronfler sur vos deux oreilles, nous ne faisons rien de mal avec vos donn\u00e9es.<\/p>\n<h2>Utilisation et transmission de vos donn\u00e9es personnelles<\/h2>\n<p>Non mais on en a d\u00e9j\u00e0 parl\u00e9, on ne sait m\u00eame pas quoi faire de vos donn\u00e9es. Et comme \u00e7a ne se fait pas de refiler ses ordures \u00e0 n&rsquo;importe qui, nous ne faisons rien de mal avec donn\u00e9es.<\/p>\n<h2>Dur\u00e9es de stockage de vos donn\u00e9es<\/h2>\n<p>Si vous laissez un commentaire, le commentaire et ses m\u00e9tadonn\u00e9es sont conserv\u00e9s ind\u00e9finiment. Cela permet de reconna\u00eetre et approuver automatiquement les commentaires suivants au lieu de les laisser dans la file de mod\u00e9ration.<\/p>\n<p>Note \u00e0 moi-m\u00eame : Pour les utilisateurs et utilisatrices qui s\u2019enregistrent sur notre site (si cela est possible), nous stockons \u00e9galement les donn\u00e9es personnelles indiqu\u00e9es dans leur profil. Tous les utilisateurs et utilisatrices peuvent voir, modifier ou supprimer leurs informations personnelles \u00e0 tout moment (\u00e0 l\u2019exception de leur nom d\u2019utilisateur). Les gestionnaires du site peuvent aussi voir et modifier ces informations.<\/p>\n<h2>Les droits que vous avez sur vos donn\u00e9es<\/h2>\n<p>Si vous avez un compte ou si vous avez laiss\u00e9 des commentaires sur le site, vous pouvez demander \u00e0 recevoir un fichier contenant toutes les donn\u00e9es personnelles que nous poss\u00e9dons \u00e0 votre sujet, incluant celles que vous nous avez fournies. Vous pouvez \u00e9galement demander la suppression des donn\u00e9es personnelles vous concernant. Cela ne prend pas en compte les donn\u00e9es stock\u00e9es \u00e0 des fins administratives, l\u00e9gales ou pour des raisons de s\u00e9curit\u00e9.<\/p>\n<p>Mais bon, n&rsquo;y comptez pas trop parce que votre demande risque de se retrouver dans les spams ou bien alors je vais penser que vous \u00eates une arnaque g\u00e9ante. Et de toute fa\u00e7on, nous ne faisons rien de mal avec vos donn\u00e9es.<\/p>\n<h2>Transmission de vos donn\u00e9es personnelles<\/h2>\n<p>Les commentaires des visiteurs peuvent \u00eatre v\u00e9rifi\u00e9s \u00e0 l\u2019aide d\u2019un service automatis\u00e9 de d\u00e9tection des commentaires ind\u00e9sirables. Car le lectorat de ce blog est un ramassis de personnes \u00e0 la personnalit\u00e9 perverse et puante. Du coup oui, votre prose est envoy\u00e9e \u00e0 un robot qui va lire votre message, vomir num\u00e9riquement, puis le mettre dans les spams.<\/p>\n<p>Je ne pense pas qu&rsquo;aucun humain soit impliqu\u00e9 dans tout \u00e7a vu que personne n&rsquo;a envie de lire les commentaires d&rsquo;un petit blog comme celui-ci, mais on n&rsquo;est pas \u00e0 l&rsquo;abri que \u00e7a int\u00e9resse un masochiste num\u00e9rique.<\/p>\n<p>Enfin comme le but de tout ceci est noble, \u00e0 savoir me pr\u00e9server de tous les spams qui peuvent \u00eatre envoy\u00e9s via le formulaire de contact, nous ne faisons rien de mal avec vos donn\u00e9es.<\/p>\n<h2>Informations de contact<\/h2>\n<p>Vous pouvez toujours essayer de me contacter. \u00c7a ne m&rsquo;engage \u00e0 rien, donc n&rsquo;escomptez pas trop recevoir une r\u00e9ponse&#8230;<\/p>\n<h2>Informations suppl\u00e9mentaires<\/h2>\n<p>Nous ne faisons rien de mal avec vos donn\u00e9es.<\/p>\n<h3>Comment nous prot\u00e9geons vos donn\u00e9es<\/h3>\n<p>Vos donn\u00e9es ont une importante tellement vitale pour nous qu\u2019elles sont stock\u00e9es dans le plat pr\u00e8s de l&rsquo;entr\u00e9e, avec les piles usag\u00e9es, des stylos qui ne fonctionnent plus, des boutons de vestes jet\u00e9es depuis longtemps et des vis de meubles partis \u00e0 la d\u00e9chetterie il y a des lustres.<\/p>\n<h3>Proc\u00e9dures mises en \u0153uvre en cas de fuite de donn\u00e9es<\/h3>\n<p>Nous d\u00e9clenchons imm\u00e9diatement le plan \u00ab\u00a0Fuite \u00e0 l&rsquo;\u00e9tranger\u00a0\u00bb, tout en l\u00e2chant un nuage de fum\u00e9e pour couvrir notre fuite. Et ne comptez pas recevoir de carte postale.<\/p>\n<h3>Les services tiers qui nous transmettent des donn\u00e9es<\/h3>\n<p>Les services tiers refusant de reconna\u00eetre ce blog comme un site web digne de ce nom, aucun service ne daigne traiter avec nous. M\u00eame Google qui aime tout savoir sur tout nous ignore ostensiblement.<\/p>\n<h3>Op\u00e9rations de marketing automatis\u00e9 et\/ou de profilage r\u00e9alis\u00e9es \u00e0 l\u2019aide des donn\u00e9es personnelles<\/h3>\n<p>Profilage ? Marketing automatis\u00e9 ? Mais on est o\u00f9 l\u00e0 ?!<\/p>\n<p>Vous croyez que j&rsquo;ai du temps \u00e0 perdre avec ces \u00e2neries ? Nous ne faisons rien de mal avec donn\u00e9es, un point c&rsquo;est tout.<\/p>\n<h3>Affichage des informations li\u00e9es aux secteurs soumis \u00e0 des r\u00e9gulations sp\u00e9cifiques<\/h3>\n<p>Je suppose que je devrais mettre des trucs juridiques ici. Peut-\u00eatre un blabla sur le RGPD. Mais comme je n&rsquo;en sais rien, dans le doute je vais m&rsquo;abstenir.<\/p>\n<p>Voil\u00e0, bonne journ\u00e9e, bisous !<\/p>\n","protected":false},"excerpt":{"rendered":"<p>Diantre, mais qu&rsquo;est-ce que c&rsquo;est que ce truc ?<\/p>\n<p>Et bien figurez-vous que l&rsquo;Europe qui fait les choses de mani\u00e8re remarquablement bureaucratique a d\u00e9cid\u00e9 d\u2019\u0153uvrer un peu pour le citoyen moyen que vous \u00eates. A condition d&rsquo;habiter en Europe \u00e9videmment. Et du coup elle a pondu le RGPD, qui est un bordel sans nom pour toute personne qui n&rsquo;est pas un visiteur de site web.<\/p>\n<p>Voici donc un tas de rubriques d\u00e9di\u00e9 au traitement que nous faisons de vos donn\u00e9es.<\/p>\n<p>Qui sommes-nous\u00a0?<\/p>\n<p>L\u2019adresse de <\/p>\n<p><a href=\"https:\/\/www.inoffensif.net\/blog\/politique-de-confidentialite\" class=\"button secondary small\">Continue Reading<\/a><\/p>\n","protected":false},"author":1,"featured_media":0,"parent":0,"menu_order":0,"comment_status":"closed","ping_status":"closed","template":"","meta":{"footnotes":""},"class_list":["post-1530","page","type-page","status-publish","hentry"],"jetpack_shortlink":"https:\/\/wp.me\/PhuYx-oG","jetpack_sharing_enabled":true,"_links":{"self":[{"href":"https:\/\/www.inoffensif.net\/blog\/wp-json\/wp\/v2\/pages\/1530","targetHints":{"allow":["GET"]}}],"collection":[{"href":"https:\/\/www.inoffensif.net\/blog\/wp-json\/wp\/v2\/pages"}],"about":[{"href":"https:\/\/www.inoffensif.net\/blog\/wp-json\/wp\/v2\/types\/page"}],"author":[{"embeddable":true,"href":"https:\/\/www.inoffensif.net\/blog\/wp-json\/wp\/v2\/users\/1"}],"replies":[{"embeddable":true,"href":"https:\/\/www.inoffensif.net\/blog\/wp-json\/wp\/v2\/comments?post=1530"}],"version-history":[{"count":1,"href":"https:\/\/www.inoffensif.net\/blog\/wp-json\/wp\/v2\/pages\/1530\/revisions"}],"predecessor-version":[{"id":1675,"href":"https:\/\/www.inoffensif.net\/blog\/wp-json\/wp\/v2\/pages\/1530\/revisions\/1675"}],"wp:attachment":[{"href":"https:\/\/www.inoffensif.net\/blog\/wp-json\/wp\/v2\/media?parent=1530"}],"curies":[{"name":"wp","href":"https:\/\/api.w.org\/{rel}","templated":true}]}}