{"id":5,"date":"2007-01-30T16:51:11","date_gmt":"2007-01-30T15:51:11","guid":{"rendered":"http:\/\/www.driczone.net\/wordpress\/about-me\/"},"modified":"2023-01-06T13:47:58","modified_gmt":"2023-01-06T12:47:58","slug":"about","status":"publish","type":"page","link":"https:\/\/www.inoffensif.net\/blog\/about","title":{"rendered":"About"},"content":{"rendered":"\n<p>Alors, je cliques ici, puis l\u00e0&#8230;<\/p>\n\n\n\n<p>Oh, bonjour toi. Tu t&rsquo;es perdu non ?<\/p>\n\n\n\n<p>Toi, tu voulais savoir qui est l&rsquo;abruti qui pond toutes ces niaiseries sur ce blog hein ? H\u00e9 bien tu es tomb\u00e9 au mauvais endroit. Ici il n&rsquo;y a que les fantastiques <strong>Complote et M\u00e9fiant, deux chats stup\u00e9fiants !<\/strong><\/p>\n\n\n<div class=\"wp-block-image\">\n<figure class=\"aligncenter\"><a href=\"https:\/\/blogmedia.inoffensif.net\/complote-mefiant.jpg\" class=\"thickbox no_icon\"><img loading=\"lazy\" decoding=\"async\" width=\"600\" height=\"450\" src=\"https:\/\/blogmedia.inoffensif.net\/complote-mefiant.jpg\" alt=\"Complote et M\u00e9fiant, deux chats stup\u00e9fiants !\" class=\"wp-image-679\" srcset=\"https:\/\/blogmedia.inoffensif.net\/complote-mefiant.jpg 600w, https:\/\/blogmedia.inoffensif.net\/complote-mefiant-150x112.jpg 150w, https:\/\/blogmedia.inoffensif.net\/complote-mefiant-400x300.jpg 400w\" sizes=\"auto, (max-width: 600px) 100vw, 600px\" \/><\/a><\/figure><\/div>\n\n\n<p class=\"has-text-align-center\">&nbsp;<\/p>\n\n\n\n<p>Ces deux individus-l\u00e0 ne sont pas mes chats, mais ils m\u00e9ritent de figurer en bonne place sur ma liste des photos fantastiques et sensationnelles qui tuent tout de la mort<sup id=\"rf1-5\"><a href=\"#fn1-5\" title=\"En vrai les chats tournent la t\u00eate et pas les yeux puisque leur champ de vision est beaucoup plus large que le n\u00f4tre, donc cette photo a forc\u00e9ment \u00e9t\u00e9 retouch\u00e9e.\" rel=\"footnote\">1<\/a><\/sup>.<\/p>\n\n\n\n<p>Naaaan allez, voil\u00e0 ce qu&rsquo;il y a \u00e0 savoir sur moi :<\/p>\n\n\n\n<p>Je m&rsquo;appelle Dric, contraction \u00e9vidente de C\u00e9dric. Je suis informaticien, je passe donc mes journ\u00e9es \u00e0 tripoter des souris. Je fais aussi un peu de sport de temps en temps (du volley principalement).<\/p>\n\n\n\n<p>Je suis n\u00e9 le 11 juillet 1980, et si je donne ma date de naissance c&rsquo;est pour vous laisser le plaisir de calculer vous-m\u00eame mon \u00e2ge et ainsi \u00e9viter d&rsquo;avoir \u00e0 r\u00e9actualiser cette page chaque ann\u00e9e.<\/p>\n\n\n\n<p>Sinon j&rsquo;aime bien la bonne bouffe avec pourquoi pas un peu de vin, j&rsquo;aime aussi aller au cin\u00e9ma, jouer aux jeux vid\u00e9o (sur PC, j&rsquo;ai un standing \u00e0 respecter tout de m\u00eame), faire du sexe, procrastiner, faire des listes \u00e0 rallonges, ne pas \u00eatre organis\u00e9, ricaner comme un cr\u00e9tin, papoter sur des sujets tournant principalement autour du sexe, emb\u00eater mes sales gamins (qui me le rendent bien) ou mes chats (qui me retournent la pareille) ou encore Albane (qui se venge en retour), mettre des parenth\u00e8ses partout, utiliser des virgules, me r\u00e9p\u00e9ter et faire du sexe et manger.<\/p>\n<hr class=\"footnotes\"><ol class=\"footnotes\" style=\"list-style-type:decimal\"><li id=\"fn1-5\"><p >En vrai les chats tournent la t\u00eate et pas les yeux puisque leur champ de vision est beaucoup plus large que le n\u00f4tre, donc cette photo a forc\u00e9ment \u00e9t\u00e9 retouch\u00e9e.&nbsp;<a href=\"#rf1-5\" class=\"backlink\" title=\"Return to footnote 1.\">&#8617;<\/a><\/p><\/li><\/ol>","protected":false},"excerpt":{"rendered":"<p>Alors, je cliques ici, puis l\u00e0&#8230;<\/p>\n<p>Oh, bonjour toi. Tu t&rsquo;es perdu non ?<\/p>\n<p>Toi, tu voulais savoir qui est l&rsquo;abruti qui pond toutes ces niaiseries sur ce blog hein ? H\u00e9 bien tu es tomb\u00e9 au mauvais endroit. Ici il n&rsquo;y a que les fantastiques Complote et M\u00e9fiant, deux chats stup\u00e9fiants !<\/p>\n<p class=\"has-text-align-center\">&nbsp;<\/p>\n<p>Ces deux individus-l\u00e0 ne sont pas mes chats, mais ils m\u00e9ritent de figurer en bonne place sur ma liste des photos fantastiques et sensationnelles qui tuent tout de la <\/p>\n<p><a href=\"https:\/\/www.inoffensif.net\/blog\/about\" class=\"button secondary small\">Continue Reading<\/a><\/p>\n","protected":false},"author":1,"featured_media":0,"parent":0,"menu_order":0,"comment_status":"closed","ping_status":"closed","template":"","meta":{"footnotes":""},"class_list":["post-5","page","type-page","status-publish","hentry"],"jetpack_shortlink":"https:\/\/wp.me\/PhuYx-5","jetpack_sharing_enabled":true,"_links":{"self":[{"href":"https:\/\/www.inoffensif.net\/blog\/wp-json\/wp\/v2\/pages\/5","targetHints":{"allow":["GET"]}}],"collection":[{"href":"https:\/\/www.inoffensif.net\/blog\/wp-json\/wp\/v2\/pages"}],"about":[{"href":"https:\/\/www.inoffensif.net\/blog\/wp-json\/wp\/v2\/types\/page"}],"author":[{"embeddable":true,"href":"https:\/\/www.inoffensif.net\/blog\/wp-json\/wp\/v2\/users\/1"}],"replies":[{"embeddable":true,"href":"https:\/\/www.inoffensif.net\/blog\/wp-json\/wp\/v2\/comments?post=5"}],"version-history":[{"count":4,"href":"https:\/\/www.inoffensif.net\/blog\/wp-json\/wp\/v2\/pages\/5\/revisions"}],"predecessor-version":[{"id":1682,"href":"https:\/\/www.inoffensif.net\/blog\/wp-json\/wp\/v2\/pages\/5\/revisions\/1682"}],"wp:attachment":[{"href":"https:\/\/www.inoffensif.net\/blog\/wp-json\/wp\/v2\/media?parent=5"}],"curies":[{"name":"wp","href":"https:\/\/api.w.org\/{rel}","templated":true}]}}